{"id":7,"date":"2023-10-02T13:32:22","date_gmt":"2023-10-02T11:32:22","guid":{"rendered":"http:\/\/granito.org.uk\/sites\/arti-mestieri.it\/?page_id=7"},"modified":"2024-09-05T00:05:01","modified_gmt":"2024-09-04T22:05:01","slug":"la-nostra-storia","status":"publish","type":"page","link":"https:\/\/coopartimestieri.it\/","title":{"rendered":"La nostra storia"},"content":{"rendered":"\n<p>La Cooperativa Sociale \u201cArti e Mestieri\u201d \u00e8 una cooperativa di tipo A e B. Nasce nel 1994 da professionisti che scelgono la logica della cooperazione per rispondere con un impegno lavorativo ai bisogni sociali emergenti nel territorio della provincia di Roma, soprattutto nell\u2019intento di sviluppare e potenziare l\u2019offerta di nuove opportunit\u00e0 per l\u2019inserimento sociale e lavorativo di categorie svantaggiate, quale indicatore chiave, nelle societ\u00e0 evolute, di sviluppo e della civilt\u00e0 di una popolazione e patrimonio comune della societ\u00e0 civile intesa nelle sue componenti istituzionali, sociali ed economiche.&nbsp;<\/p>\n\n\n\n<p>L&#8217;esperienza acquisita nel corso degli anni ha consentito alla Cooperativa di sviluppare una gamma di servizi e attivit\u00e0 integrative di rilievo sociale creando importanti sinergie con istituzioni sia pubbliche che private. I servizi offerti si intrecciano su pi\u00f9 livelli e sono rivolti al territorio, alla persona, alla comunit\u00e0 e alle istituzioni. <\/p>\n\n\n\n<p>Gli obiettivi specifici sono quelli di riuscire ad articolare risposte e soluzioni efficaci rispetto a quei bisogni sempre pi\u00f9 diffusi che riguardano la qualit\u00e0 della vita, il lavoro, il sostegno alla persona, con un&#8217;attenzione particolare ai progetti rivolti soprattutto alle fasce pi\u00f9 deboli della popolazione.<\/p>\n\n\n\n<div style=\"height:30px\" aria-hidden=\"true\" class=\"wp-block-spacer\"><\/div>\n\n\n\n<h4 class=\"wp-block-heading\"><strong>Obiettivi<\/strong><\/h4>\n\n\n\n<p>La Cooperativa si prefigge lo scopo, cos\u00ec come recita l\u2019Art. 1 della legge 381\/91, di \u201cperseguire l\u2019interesse generale della comunit\u00e0 alla promozione umana e all\u2019integrazione sociale dei cittadini\u201d. Offre il sostegno della residenzialit\u00e0 a coloro che vivono una situazione svantaggiata (minori stranieri non accompagnati) e non hanno una famiglia o la famiglia non pu\u00f2 da sola, completamente e quotidianamente, assorbire e sostenere il disagio. Oltre a formulare progetti educativi individualizzati, tendenti al raggiungimento delle autonomie potenziali, e al mantenimento di quelle possedute, essa crea occasioni di incontro per favorire l\u2019integrazione delle persone attraverso una rete di rapporti umani, affettivi e di amicizia tendenti a durare nel tempo.<\/p>\n\n\n\n<div style=\"height:30px\" aria-hidden=\"true\" class=\"wp-block-spacer\"><\/div>\n\n\n\n<h4 class=\"wp-block-heading\"><strong>Missione<\/strong><\/h4>\n\n\n\n<p>La missione della Cooperativa \u00e8 quella di perseguire l&#8217;interesse generale della comunit\u00e0 alla promozione umana e alla integrazione sociale dei cittadini attraverso la gestione di servizi socio-educativi orientati in via prioritaria, ma non esclusiva, alla risposta ai bisogni di persone in condizioni di svantaggio. Lo scopo che i soci della cooperativa intendono perseguire \u00e8 quello di ottenere tramite la gestione in forma associata, continuit\u00e0 di occupazione lavorativa e migliori condizioni sociali, professionali ed economiche.<\/p>\n\n\n\n<div style=\"height:30px\" aria-hidden=\"true\" class=\"wp-block-spacer\"><\/div>\n\n\n\n<h4 class=\"wp-block-heading\"><strong>Valori di riferimento<\/strong><\/h4>\n\n\n\n<p><em>La Cooperativa Sociale Arti e Mestieri in particolare si prefigge :<\/em><\/p>\n\n\n\n<ul class=\"wp-block-list\">\n<li>La creazione di nuove opportunit\u00e0 di lavoro;<\/li>\n\n\n\n<li>L\u2019aumento della capacit\u00e0 lavorativa e la qualificazione professionale;<\/li>\n\n\n\n<li>L\u2019ampliamento ed il senso di partecipazione all&#8217;attivit\u00e0 della cooperativa, promuovendo i valori di solidariet\u00e0 e cooperazione;<\/li>\n\n\n\n<li>L&#8217;assoluta centralit\u00e0 della persona, per garantire il soddisfacimento dei suoi bisogni attraverso i servizi erogati;<\/li>\n\n\n\n<li>L&#8217;etica dell&#8217;azione, caratterizzata sui principi di moralit\u00e0, solidariet\u00e0, efficacia, efficienza, attenzione ai bisogni;<\/li>\n\n\n\n<li>La rete, come elemento essenziale e centrale di tutte le attivit\u00e0 svolte dalla Cooperativa stessa;<\/li>\n\n\n\n<li>L&#8217;imprenditorialit\u00e0, come massimo livello qualitativo e di sviluppo delle prestazioni e dei servizi forniti, garantiti dalla costante ricerca e dal continuo aggiornamento, dallo sforzo per l&#8217;abbattimento dei costi dovuti a sprechi e alla inefficienza, dalla formazione continua del personale come principale motore delle attivit\u00e0 implementate.<\/li>\n<\/ul>\n\n\n\n<div style=\"height:30px\" aria-hidden=\"true\" class=\"wp-block-spacer\"><\/div>\n\n\n\n<h4 class=\"wp-block-heading\"><strong>Ambiti di intervento<\/strong><\/h4>\n\n\n\n<h6 class=\"wp-block-heading\"><strong><em>Servizi per lo sviluppo di imprese sociali e auto impiego<\/em><\/strong><\/h6>\n\n\n\n<p>Sensibilizzazione del territorio sull\u2019importanza del ruolo dell\u2019impresa sociale. Dal punto di vista operativo le attivit\u00e0 di sostegno riguardano sia la nascita di nuove cooperative, sia lo sviluppo e il consolidamento di quelle esistenti.<\/p>\n\n\n\n<h6 class=\"wp-block-heading\"><strong><em>Servizi socio-assistenziali<\/em> e socio-educativi<\/strong><\/h6>\n\n\n\n<p>Realizzazione di progetti socio-educativi per il recupero ed il reinserimento dei soggetti ospiti dei Gruppi Appartamento Minori che gestisce. Gestione delle attivit\u00e0 di istruzione, ricreazione e riabilitazione, al fine di permettere un\u2019attiva permanenza educativa.<\/p>\n\n\n\n<h6 class=\"wp-block-heading\"><strong><em>Servizi di informazione, consulenza e orientamento alle imprese<\/em><\/strong><\/h6>\n\n\n\n<p>Servizio per le imprese relativo alla consulenza del lavoro in generale. Studio, definizione e attivazione di progetti, interventi, iniziative ed attivit\u00e0 integrate nel campo della gestione aziendale, anche attraverso l\u2019attivazione di procedure atte all\u2019accesso di qualsiasi forma di finanziamento statale, regionale, provinciale e comunale, oltre che alle forme di finanziamento derivanti da Patti territoriali, Fondo Sociale Europeo, Contratti d\u2019area, ecc.<br>L\u2019attivit\u00e0 di consulenza comprende oltre al controllo di gestione, l\u2019analisi e la valutazione delle attivit\u00e0 e della produzione ed il sistema di contabilit\u00e0 analisi.<\/p>\n\n\n\n<h6 class=\"wp-block-heading\"><strong><em>Servizi al territorio<\/em><\/strong><\/h6>\n\n\n\n<p>Interventi sul territorio nel campo della gestione, della manutenzione, della salvaguardia e della valorizzazione dello stesso.<\/p>\n\n\n\n<h6 class=\"wp-block-heading\"><strong><em>Attivit\u00e0 associative<\/em><\/strong><\/h6>\n\n\n\n<p>Incontri per promuove la partecipazione: organizzazione eventi e manifestazioni, promozione di luoghi e spazi di aggregazione sociale, culturale e artistica, scambi interculturali.<\/p>\n\n\n\n<div style=\"height:30px\" aria-hidden=\"true\" class=\"wp-block-spacer\"><\/div>\n\n\n\n<h4 class=\"wp-block-heading\"><strong>Dove lavoriamo<\/strong><\/h4>\n\n\n\n<p>La Cooperativa Sociale Arti e Mestieri nasce sul territorio del Comune di Roma come risposta ai bisogni dei cittadini meno tutelati. Essa \u00e8 attiva, oltre che nell\u2019erogare servizi a favore e per conto degli Enti Pubblici, anche nel proporre nuovi modelli di Welfare comunitario in collaborazione con gli altri attori del Pubblico e del Privato Sociale (Amministrazioni comunali, Azienda Sanitaria Locale, Cooperative sociali presenti sul territorio, Aziende, Associazioni, Servizi Inserimento e Integrazione Lavorativa).<\/p>\n\n\n\n<p>I vari interventi si sviluppano oltre che a livello dello stesso Comune di Roma, anche con tutto il territorio limitrofo e regionale.<\/p>\n\n\n\n<div style=\"height:30px\" aria-hidden=\"true\" class=\"wp-block-spacer\"><\/div>\n\n\n\n<h4 class=\"wp-block-heading\"><strong>Struttura Organizzativa<\/strong><\/h4>\n\n\n\n<p>La Cooperativa Sociale \u201cArti e Mestieri\u201d si avvale di <strong>figure professionali qualificate<\/strong> che, oltre ad operare singolarmente,&nbsp; formano tutte insieme <strong>l\u2019\u00e9quipe di lavoro <\/strong>della struttura, che si riunisce in incontri programmati per necessit\u00e0 di supervisone di situazioni particolari, momenti di verifica, etc.<\/p>\n\n\n\n<p>All\u2019interno della Cooperativa operano i seguenti organi :<\/p>\n\n\n\n<p>Il <strong>Presidente<\/strong>, il quale supervisiona sulle attivit\u00e0 garantendo il rispetto e l\u2019osservanza delle finalit\u00e0 sociali stabilite nello statuto, individuando i progetti da realizzare e gli strumenti da utilizzare per il perseguimento di tali finalit\u00e0.<\/p>\n\n\n\n<p>I <strong>Soci<\/strong><\/p>\n\n\n\n<div style=\"height:30px\" aria-hidden=\"true\" class=\"wp-block-spacer\"><\/div>\n\n\n\n<h4 class=\"wp-block-heading\"><strong>La nostra rete.<\/strong><\/h4>\n\n\n\n<p>La Cooperativa Sociale Arti e Mestieri sin dalla sua nascita si \u00e8 adoperata al fine di poter essere parte di una rete nell\u2019ambito del terzo settore.<\/p>\n\n\n\n<p>Nel corso degli anni ha rafforzato la sua partecipazione a diversi livelli nell\u2019ambito di enti del terzo settore. Questo indica la sua continua attenzione alla partecipazione attiva e al continuo aggiornamento, basi su cui si sostiene e si implementa la qualit\u00e0 del lavoro svolto.&nbsp;<\/p>\n\n\n\n<p>Collaborazioni :<\/p>\n\n\n\n<ul class=\"wp-block-list\">\n<li>Cooperativa Sociale Idee &amp; Movimento arl<\/li>\n\n\n\n<li>Ministero delle Politiche Agricole, Alimentari e Forestali<\/li>\n\n\n\n<li>Cooperativa Sociale Agrifoglio arl<\/li>\n\n\n\n<li>IRAS (Istituti Riuniti di Assistenza Sociale) di Roma Capitale<\/li>\n\n\n\n<li>Ipab \u201cIstituto Sacra Famiglia\u201d di Roma Capitale<\/li>\n\n\n\n<li>Ex U.N.I.R.E. (Unione Nazionale Incremento Razze equine)<\/li>\n\n\n\n<li>I.S.A. \u201cIstituto di Sviluppo Agroalimentare\u201d<\/li>\n\n\n\n<li>I.R.V.I.T. (Istituto Regionale Ville Tuscolane)<\/li>\n\n\n\n<li>Comune di Fiumicino<\/li>\n\n\n\n<li>Roma Capitale<\/li>\n\n\n\n<li>Regione Lazio<\/li>\n\n\n\n<li>Comune di Subiago<\/li>\n\n\n\n<li>Comune di Ladispoli<\/li>\n\n\n\n<li>Centro Studi Italia<\/li>\n\n\n\n<li>Consorzio Scuola Lavoro<\/li>\n\n\n\n<li>Fondazione Alma Mater<\/li>\n<\/ul>\n\n\n\n<div style=\"height:30px\" aria-hidden=\"true\" class=\"wp-block-spacer\"><\/div>\n\n\n\n<p><\/p>\n","protected":false},"excerpt":{"rendered":"<p>La Cooperativa Sociale \u201cArti e Mestieri\u201d \u00e8 una cooperativa di tipo A e B. Nasce nel 1994 da professionisti che scelgono la logica della cooperazione per rispondere con un impegno lavorativo ai bisogni sociali emergenti nel territorio della provincia di Roma, soprattutto nell\u2019intento di sviluppare e potenziare l\u2019offerta di nuove opportunit\u00e0 per l\u2019inserimento sociale e [&hellip;]<\/p>\n","protected":false},"author":1,"featured_media":0,"parent":0,"menu_order":0,"comment_status":"closed","ping_status":"closed","template":"","meta":{"site-sidebar-layout":"default","site-content-layout":"","ast-site-content-layout":"","site-content-style":"default","site-sidebar-style":"default","ast-global-header-display":"","ast-banner-title-visibility":"","ast-main-header-display":"","ast-hfb-above-header-display":"","ast-hfb-below-header-display":"","ast-hfb-mobile-header-display":"","site-post-title":"","ast-breadcrumbs-content":"","ast-featured-img":"","footer-sml-layout":"","theme-transparent-header-meta":"","adv-header-id-meta":"","stick-header-meta":"","header-above-stick-meta":"","header-main-stick-meta":"","header-below-stick-meta":"","astra-migrate-meta-layouts":"default","ast-page-background-enabled":"default","ast-page-background-meta":{"desktop":{"background-color":"var(--ast-global-color-4)","background-image":"","background-repeat":"repeat","background-position":"center center","background-size":"auto","background-attachment":"scroll","background-type":"","background-media":"","overlay-type":"","overlay-color":"","overlay-opacity":"","overlay-gradient":""},"tablet":{"background-color":"","background-image":"","background-repeat":"repeat","background-position":"center center","background-size":"auto","background-attachment":"scroll","background-type":"","background-media":"","overlay-type":"","overlay-color":"","overlay-opacity":"","overlay-gradient":""},"mobile":{"background-color":"","background-image":"","background-repeat":"repeat","background-position":"center center","background-size":"auto","background-attachment":"scroll","background-type":"","background-media":"","overlay-type":"","overlay-color":"","overlay-opacity":"","overlay-gradient":""}},"ast-content-background-meta":{"desktop":{"background-color":"var(--ast-global-color-5)","background-image":"","background-repeat":"repeat","background-position":"center center","background-size":"auto","background-attachment":"scroll","background-type":"","background-media":"","overlay-type":"","overlay-color":"","overlay-opacity":"","overlay-gradient":""},"tablet":{"background-color":"var(--ast-global-color-5)","background-image":"","background-repeat":"repeat","background-position":"center center","background-size":"auto","background-attachment":"scroll","background-type":"","background-media":"","overlay-type":"","overlay-color":"","overlay-opacity":"","overlay-gradient":""},"mobile":{"background-color":"var(--ast-global-color-5)","background-image":"","background-repeat":"repeat","background-position":"center center","background-size":"auto","background-attachment":"scroll","background-type":"","background-media":"","overlay-type":"","overlay-color":"","overlay-opacity":"","overlay-gradient":""}},"footnotes":""},"class_list":["post-7","page","type-page","status-publish","hentry"],"_links":{"self":[{"href":"https:\/\/coopartimestieri.it\/index.php\/wp-json\/wp\/v2\/pages\/7","targetHints":{"allow":["GET"]}}],"collection":[{"href":"https:\/\/coopartimestieri.it\/index.php\/wp-json\/wp\/v2\/pages"}],"about":[{"href":"https:\/\/coopartimestieri.it\/index.php\/wp-json\/wp\/v2\/types\/page"}],"author":[{"embeddable":true,"href":"https:\/\/coopartimestieri.it\/index.php\/wp-json\/wp\/v2\/users\/1"}],"replies":[{"embeddable":true,"href":"https:\/\/coopartimestieri.it\/index.php\/wp-json\/wp\/v2\/comments?post=7"}],"version-history":[{"count":10,"href":"https:\/\/coopartimestieri.it\/index.php\/wp-json\/wp\/v2\/pages\/7\/revisions"}],"predecessor-version":[{"id":144,"href":"https:\/\/coopartimestieri.it\/index.php\/wp-json\/wp\/v2\/pages\/7\/revisions\/144"}],"wp:attachment":[{"href":"https:\/\/coopartimestieri.it\/index.php\/wp-json\/wp\/v2\/media?parent=7"}],"curies":[{"name":"wp","href":"https:\/\/api.w.org\/{rel}","templated":true}]}}